{"id":98,"date":"2026-04-15T19:06:00","date_gmt":"2026-04-15T19:06:00","guid":{"rendered":"https:\/\/sheiksites.com\/samcomunicacao\/?page_id=98"},"modified":"2026-04-15T19:45:42","modified_gmt":"2026-04-15T19:45:42","slug":"sobre-nos","status":"publish","type":"page","link":"https:\/\/sheiksites.com\/samcomunicacao\/sobre-nos\/","title":{"rendered":"Sobre N\u00f3s"},"content":{"rendered":"\t\t<div data-elementor-type=\"wp-page\" data-elementor-id=\"98\" class=\"elementor elementor-98\" data-elementor-post-type=\"page\">\n\t\t\t\t\t\t<section class=\"elementor-section elementor-top-section elementor-element elementor-element-831bf77 elementor-reverse-mobile elementor-section-boxed elementor-section-height-default elementor-section-height-default\" data-id=\"831bf77\" data-element_type=\"section\" data-e-type=\"section\" data-settings=\"{&quot;background_background&quot;:&quot;classic&quot;}\">\n\t\t\t\t\t\t<div class=\"elementor-container elementor-column-gap-default\">\n\t\t\t\t\t<div class=\"elementor-column elementor-col-50 elementor-top-column elementor-element elementor-element-e133dfa\" data-id=\"e133dfa\" data-element_type=\"column\" data-e-type=\"column\">\n\t\t\t<div class=\"elementor-widget-wrap elementor-element-populated\">\n\t\t\t\t\t\t<div class=\"elementor-element elementor-element-7f4e2bc elementor-widget elementor-widget-heading\" data-id=\"7f4e2bc\" data-element_type=\"widget\" data-e-type=\"widget\" data-widget_type=\"heading.default\">\n\t\t\t\t\t<h2 class=\"elementor-heading-title elementor-size-default\">Quem somos<\/h2>\t\t\t\t<\/div>\n\t\t\t\t<div class=\"elementor-element elementor-element-24e054f elementor-widget elementor-widget-text-editor\" data-id=\"24e054f\" data-element_type=\"widget\" data-e-type=\"widget\" data-widget_type=\"text-editor.default\">\n\t\t\t\t\t\t\t\t\t<div class=\"wpb_text_column wpb_content_element vc_custom_1664995869633\"><div class=\"wpb_wrapper\"><p data-start=\"427\" data-end=\"625\">A SAM Comunica\u00e7\u00e3o Visual \u00e9 especializada no desenvolvimento de solu\u00e7\u00f5es completas em comunica\u00e7\u00e3o visual, atendendo empresas que buscam destacar sua marca com qualidade e profissionalismo.<\/p><p data-start=\"627\" data-end=\"859\">Com mais de 30 anos de experi\u00eancia no mercado, constru\u00edmos uma trajet\u00f3ria s\u00f3lida baseada em confian\u00e7a, inova\u00e7\u00e3o e compromisso com resultados. Trabalhamos com projetos personalizados, sempre alinhados \u00e0s necessidades de cada cliente.<\/p><p data-start=\"861\" data-end=\"993\">Nosso objetivo \u00e9 ir al\u00e9m do visual \u2014 queremos gerar impacto, fortalecer marcas e contribuir para o crescimento dos nossos parceiros.<\/p><\/div><\/div>\t\t\t\t\t\t\t\t<\/div>\n\t\t\t\t\t<\/div>\n\t\t<\/div>\n\t\t\t\t<div class=\"elementor-column elementor-col-50 elementor-top-column elementor-element elementor-element-761e65c\" data-id=\"761e65c\" data-element_type=\"column\" data-e-type=\"column\">\n\t\t\t<div class=\"elementor-widget-wrap elementor-element-populated\">\n\t\t\t\t\t\t<div class=\"elementor-element elementor-element-486b7a3 elementor-widget elementor-widget-image\" data-id=\"486b7a3\" data-element_type=\"widget\" data-e-type=\"widget\" data-widget_type=\"image.default\">\n\t\t\t\t\t\t\t\t\t\t\t\t\t\t\t<img fetchpriority=\"high\" decoding=\"async\" width=\"600\" height=\"375\" src=\"https:\/\/sheiksites.com\/samcomunicacao\/wp-content\/uploads\/2026\/04\/img_quem_somos.jpg\" class=\"attachment-large size-large wp-image-64\" alt=\"\" srcset=\"https:\/\/sheiksites.com\/samcomunicacao\/wp-content\/uploads\/2026\/04\/img_quem_somos.jpg 600w, https:\/\/sheiksites.com\/samcomunicacao\/wp-content\/uploads\/2026\/04\/img_quem_somos-300x188.jpg 300w\" sizes=\"(max-width: 600px) 100vw, 600px\" \/>\t\t\t\t\t\t\t\t\t\t\t\t\t\t\t<\/div>\n\t\t\t\t\t<\/div>\n\t\t<\/div>\n\t\t\t\t\t<\/div>\n\t\t<\/section>\n\t\t\t\t<section class=\"elementor-section elementor-top-section elementor-element elementor-element-0f6e0dd elementor-section-boxed elementor-section-height-default elementor-section-height-default\" data-id=\"0f6e0dd\" data-element_type=\"section\" data-e-type=\"section\" data-settings=\"{&quot;background_background&quot;:&quot;classic&quot;}\">\n\t\t\t\t\t\t<div class=\"elementor-container elementor-column-gap-default\">\n\t\t\t\t\t<div class=\"elementor-column elementor-col-50 elementor-top-column elementor-element elementor-element-e7e586b\" data-id=\"e7e586b\" data-element_type=\"column\" data-e-type=\"column\">\n\t\t\t<div class=\"elementor-widget-wrap elementor-element-populated\">\n\t\t\t\t\t\t<div class=\"elementor-element elementor-element-06eeb4a elementor-widget elementor-widget-image\" data-id=\"06eeb4a\" data-element_type=\"widget\" data-e-type=\"widget\" data-widget_type=\"image.default\">\n\t\t\t\t\t\t\t\t\t\t\t\t\t\t\t<img decoding=\"async\" width=\"600\" height=\"375\" src=\"https:\/\/sheiksites.com\/samcomunicacao\/wp-content\/uploads\/2026\/04\/Design-sem-nome-2.png\" class=\"attachment-large size-large wp-image-110\" alt=\"\" srcset=\"https:\/\/sheiksites.com\/samcomunicacao\/wp-content\/uploads\/2026\/04\/Design-sem-nome-2.png 600w, https:\/\/sheiksites.com\/samcomunicacao\/wp-content\/uploads\/2026\/04\/Design-sem-nome-2-300x188.png 300w\" sizes=\"(max-width: 600px) 100vw, 600px\" \/>\t\t\t\t\t\t\t\t\t\t\t\t\t\t\t<\/div>\n\t\t\t\t\t<\/div>\n\t\t<\/div>\n\t\t\t\t<div class=\"elementor-column elementor-col-50 elementor-top-column elementor-element elementor-element-eceb672\" data-id=\"eceb672\" data-element_type=\"column\" data-e-type=\"column\">\n\t\t\t<div class=\"elementor-widget-wrap elementor-element-populated\">\n\t\t\t\t\t\t<div class=\"elementor-element elementor-element-044eff7 elementor-widget elementor-widget-heading\" data-id=\"044eff7\" data-element_type=\"widget\" data-e-type=\"widget\" data-widget_type=\"heading.default\">\n\t\t\t\t\t<h2 class=\"elementor-heading-title elementor-size-default\">NOSSA HIST\u00d3RIA<\/h2>\t\t\t\t<\/div>\n\t\t\t\t<div class=\"elementor-element elementor-element-0bc537e elementor-widget elementor-widget-text-editor\" data-id=\"0bc537e\" data-element_type=\"widget\" data-e-type=\"widget\" data-widget_type=\"text-editor.default\">\n\t\t\t\t\t\t\t\t\t<div class=\"wpb_text_column wpb_content_element vc_custom_1664995869633\"><div class=\"wpb_wrapper\"><p data-start=\"1050\" data-end=\"1313\">Nossa jornada come\u00e7ou com o prop\u00f3sito de oferecer servi\u00e7os de comunica\u00e7\u00e3o visual com excel\u00eancia e aten\u00e7\u00e3o aos detalhes. Ao longo dos anos, evolu\u00edmos junto com o mercado, investindo constantemente em tecnologia, equipamentos e qualifica\u00e7\u00e3o profissional.<\/p><p data-start=\"1315\" data-end=\"1481\">Essa evolu\u00e7\u00e3o nos permitiu ampliar nossa atua\u00e7\u00e3o e entregar solu\u00e7\u00f5es cada vez mais completas, mantendo sempre o foco na qualidade e na satisfa\u00e7\u00e3o dos nossos clientes.<\/p><p data-start=\"1483\" data-end=\"1577\">Hoje, somos reconhecidos pela seriedade, agilidade e padr\u00e3o elevado em cada projeto executado.<\/p><\/div><\/div>\t\t\t\t\t\t\t\t<\/div>\n\t\t\t\t\t<\/div>\n\t\t<\/div>\n\t\t\t\t\t<\/div>\n\t\t<\/section>\n\t\t\t\t<section class=\"elementor-section elementor-top-section elementor-element elementor-element-060e866 elementor-section-boxed elementor-section-height-default elementor-section-height-default\" data-id=\"060e866\" data-element_type=\"section\" data-e-type=\"section\" data-settings=\"{&quot;background_background&quot;:&quot;classic&quot;}\">\n\t\t\t\t\t\t<div class=\"elementor-container elementor-column-gap-default\">\n\t\t\t\t\t<div class=\"elementor-column elementor-col-100 elementor-top-column elementor-element elementor-element-2f1407f\" data-id=\"2f1407f\" data-element_type=\"column\" data-e-type=\"column\">\n\t\t\t<div class=\"elementor-widget-wrap elementor-element-populated\">\n\t\t\t\t\t\t<div class=\"elementor-element elementor-element-30ef09a elementor-widget elementor-widget-heading\" data-id=\"30ef09a\" data-element_type=\"widget\" data-e-type=\"widget\" data-widget_type=\"heading.default\">\n\t\t\t\t\t<h2 class=\"elementor-heading-title elementor-size-default\">Por que escolher a SAM?<\/h2>\t\t\t\t<\/div>\n\t\t\t\t<div class=\"elementor-element elementor-element-0ec753a elementor-widget elementor-widget-text-editor\" data-id=\"0ec753a\" data-element_type=\"widget\" data-e-type=\"widget\" data-widget_type=\"text-editor.default\">\n\t\t\t\t\t\t\t\t\t<div class=\"wpb_text_column wpb_content_element vc_custom_1664995869633\"><div class=\"wpb_wrapper\"><p data-start=\"1050\" data-end=\"1313\">Nosso diferencial est\u00e1 na forma como conduzimos cada projeto: com aten\u00e7\u00e3o, estrat\u00e9gia e foco total no resultado final.<\/p><\/div><\/div>\t\t\t\t\t\t\t\t<\/div>\n\t\t\t\t<section class=\"elementor-section elementor-inner-section elementor-element elementor-element-fec9331 elementor-section-boxed elementor-section-height-default elementor-section-height-default\" data-id=\"fec9331\" data-element_type=\"section\" data-e-type=\"section\">\n\t\t\t\t\t\t<div class=\"elementor-container elementor-column-gap-default\">\n\t\t\t\t\t<div class=\"elementor-column elementor-col-25 elementor-inner-column elementor-element elementor-element-27709ce\" data-id=\"27709ce\" data-element_type=\"column\" data-e-type=\"column\" data-settings=\"{&quot;background_background&quot;:&quot;classic&quot;}\">\n\t\t\t<div class=\"elementor-widget-wrap elementor-element-populated\">\n\t\t\t\t\t\t<div class=\"elementor-element elementor-element-4d5acec elementor-widget elementor-widget-image\" data-id=\"4d5acec\" data-element_type=\"widget\" data-e-type=\"widget\" data-widget_type=\"image.default\">\n\t\t\t\t\t\t\t\t\t\t\t\t\t\t\t<img decoding=\"async\" width=\"512\" height=\"512\" src=\"https:\/\/sheiksites.com\/samcomunicacao\/wp-content\/uploads\/2026\/04\/reputation.png\" class=\"attachment-large size-large wp-image-114\" alt=\"\" srcset=\"https:\/\/sheiksites.com\/samcomunicacao\/wp-content\/uploads\/2026\/04\/reputation.png 512w, https:\/\/sheiksites.com\/samcomunicacao\/wp-content\/uploads\/2026\/04\/reputation-300x300.png 300w, https:\/\/sheiksites.com\/samcomunicacao\/wp-content\/uploads\/2026\/04\/reputation-150x150.png 150w\" sizes=\"(max-width: 512px) 100vw, 512px\" \/>\t\t\t\t\t\t\t\t\t\t\t\t\t\t\t<\/div>\n\t\t\t\t<div class=\"elementor-element elementor-element-730702a elementor-widget elementor-widget-heading\" data-id=\"730702a\" data-element_type=\"widget\" data-e-type=\"widget\" data-widget_type=\"heading.default\">\n\t\t\t\t\t<h2 class=\"elementor-heading-title elementor-size-default\">Mais de 30 anos <br> de experi\u00eancia<\/h2>\t\t\t\t<\/div>\n\t\t\t\t\t<\/div>\n\t\t<\/div>\n\t\t\t\t<div class=\"elementor-column elementor-col-25 elementor-inner-column elementor-element elementor-element-fa68990\" data-id=\"fa68990\" data-element_type=\"column\" data-e-type=\"column\" data-settings=\"{&quot;background_background&quot;:&quot;classic&quot;}\">\n\t\t\t<div class=\"elementor-widget-wrap elementor-element-populated\">\n\t\t\t\t\t\t<div class=\"elementor-element elementor-element-b84ea6f elementor-widget elementor-widget-image\" data-id=\"b84ea6f\" data-element_type=\"widget\" data-e-type=\"widget\" data-widget_type=\"image.default\">\n\t\t\t\t\t\t\t\t\t\t\t\t\t\t\t<img loading=\"lazy\" decoding=\"async\" width=\"512\" height=\"512\" src=\"https:\/\/sheiksites.com\/samcomunicacao\/wp-content\/uploads\/2026\/04\/video-editing.png\" class=\"attachment-large size-large wp-image-116\" alt=\"\" srcset=\"https:\/\/sheiksites.com\/samcomunicacao\/wp-content\/uploads\/2026\/04\/video-editing.png 512w, https:\/\/sheiksites.com\/samcomunicacao\/wp-content\/uploads\/2026\/04\/video-editing-300x300.png 300w, https:\/\/sheiksites.com\/samcomunicacao\/wp-content\/uploads\/2026\/04\/video-editing-150x150.png 150w\" sizes=\"(max-width: 512px) 100vw, 512px\" \/>\t\t\t\t\t\t\t\t\t\t\t\t\t\t\t<\/div>\n\t\t\t\t<div class=\"elementor-element elementor-element-d4c0788 elementor-widget elementor-widget-heading\" data-id=\"d4c0788\" data-element_type=\"widget\" data-e-type=\"widget\" data-widget_type=\"heading.default\">\n\t\t\t\t\t<h2 class=\"elementor-heading-title elementor-size-default\">Projetos <br> personalizados<\/h2>\t\t\t\t<\/div>\n\t\t\t\t\t<\/div>\n\t\t<\/div>\n\t\t\t\t<div class=\"elementor-column elementor-col-25 elementor-inner-column elementor-element elementor-element-ecf96b7\" data-id=\"ecf96b7\" data-element_type=\"column\" data-e-type=\"column\" data-settings=\"{&quot;background_background&quot;:&quot;classic&quot;}\">\n\t\t\t<div class=\"elementor-widget-wrap elementor-element-populated\">\n\t\t\t\t\t\t<div class=\"elementor-element elementor-element-f5fc29d elementor-widget elementor-widget-image\" data-id=\"f5fc29d\" data-element_type=\"widget\" data-e-type=\"widget\" data-widget_type=\"image.default\">\n\t\t\t\t\t\t\t\t\t\t\t\t\t\t\t<img loading=\"lazy\" decoding=\"async\" width=\"512\" height=\"512\" src=\"https:\/\/sheiksites.com\/samcomunicacao\/wp-content\/uploads\/2026\/04\/customer-satisfaction.png\" class=\"attachment-large size-large wp-image-117\" alt=\"\" srcset=\"https:\/\/sheiksites.com\/samcomunicacao\/wp-content\/uploads\/2026\/04\/customer-satisfaction.png 512w, https:\/\/sheiksites.com\/samcomunicacao\/wp-content\/uploads\/2026\/04\/customer-satisfaction-300x300.png 300w, https:\/\/sheiksites.com\/samcomunicacao\/wp-content\/uploads\/2026\/04\/customer-satisfaction-150x150.png 150w\" sizes=\"(max-width: 512px) 100vw, 512px\" \/>\t\t\t\t\t\t\t\t\t\t\t\t\t\t\t<\/div>\n\t\t\t\t<div class=\"elementor-element elementor-element-e1133e8 elementor-widget elementor-widget-heading\" data-id=\"e1133e8\" data-element_type=\"widget\" data-e-type=\"widget\" data-widget_type=\"heading.default\">\n\t\t\t\t\t<h2 class=\"elementor-heading-title elementor-size-default\">Equipe <br> especializada<\/h2>\t\t\t\t<\/div>\n\t\t\t\t\t<\/div>\n\t\t<\/div>\n\t\t\t\t<div class=\"elementor-column elementor-col-25 elementor-inner-column elementor-element elementor-element-a772585\" data-id=\"a772585\" data-element_type=\"column\" data-e-type=\"column\" data-settings=\"{&quot;background_background&quot;:&quot;classic&quot;}\">\n\t\t\t<div class=\"elementor-widget-wrap elementor-element-populated\">\n\t\t\t\t\t\t<div class=\"elementor-element elementor-element-9c56757 elementor-widget elementor-widget-image\" data-id=\"9c56757\" data-element_type=\"widget\" data-e-type=\"widget\" data-widget_type=\"image.default\">\n\t\t\t\t\t\t\t\t\t\t\t\t\t\t\t<img loading=\"lazy\" decoding=\"async\" width=\"512\" height=\"512\" src=\"https:\/\/sheiksites.com\/samcomunicacao\/wp-content\/uploads\/2026\/04\/support.png\" class=\"attachment-large size-large wp-image-115\" alt=\"\" srcset=\"https:\/\/sheiksites.com\/samcomunicacao\/wp-content\/uploads\/2026\/04\/support.png 512w, https:\/\/sheiksites.com\/samcomunicacao\/wp-content\/uploads\/2026\/04\/support-300x300.png 300w, https:\/\/sheiksites.com\/samcomunicacao\/wp-content\/uploads\/2026\/04\/support-150x150.png 150w\" sizes=\"(max-width: 512px) 100vw, 512px\" \/>\t\t\t\t\t\t\t\t\t\t\t\t\t\t\t<\/div>\n\t\t\t\t<div class=\"elementor-element elementor-element-8f9a297 elementor-widget elementor-widget-heading\" data-id=\"8f9a297\" data-element_type=\"widget\" data-e-type=\"widget\" data-widget_type=\"heading.default\">\n\t\t\t\t\t<h2 class=\"elementor-heading-title elementor-size-default\">Atendimento \u00e1gil e pr\u00f3ximo<\/h2>\t\t\t\t<\/div>\n\t\t\t\t\t<\/div>\n\t\t<\/div>\n\t\t\t\t\t<\/div>\n\t\t<\/section>\n\t\t\t\t\t<\/div>\n\t\t<\/div>\n\t\t\t\t\t<\/div>\n\t\t<\/section>\n\t\t\t\t<section class=\"elementor-section elementor-top-section elementor-element elementor-element-11e5121 elementor-section-full_width elementor-section-height-default elementor-section-height-default\" data-id=\"11e5121\" data-element_type=\"section\" data-e-type=\"section\">\n\t\t\t\t\t\t<div class=\"elementor-container elementor-column-gap-no\">\n\t\t\t\t\t<div class=\"elementor-column elementor-col-100 elementor-top-column elementor-element elementor-element-b19ac3b\" data-id=\"b19ac3b\" data-element_type=\"column\" data-e-type=\"column\">\n\t\t\t<div class=\"elementor-widget-wrap elementor-element-populated\">\n\t\t\t\t\t\t<div class=\"elementor-element elementor-element-2af2303 elementor-widget elementor-widget-google_maps\" data-id=\"2af2303\" data-element_type=\"widget\" data-e-type=\"widget\" data-widget_type=\"google_maps.default\">\n\t\t\t\t\t\t\t<div class=\"elementor-custom-embed\">\n\t\t\t<iframe loading=\"lazy\"\n\t\t\t\t\tsrc=\"https:\/\/maps.google.com\/maps?q=R.%20Guarabira%2C%20245%20-%20Jardim%20Cachoeira%2C%20S%C3%A3o%20Paulo%20-%20SP&#038;t=m&#038;z=12&#038;output=embed&#038;iwloc=near\"\n\t\t\t\t\ttitle=\"R. Guarabira, 245 - Jardim Cachoeira, S\u00e3o Paulo - SP\"\n\t\t\t\t\taria-label=\"R. Guarabira, 245 - Jardim Cachoeira, S\u00e3o Paulo - SP\"\n\t\t\t><\/iframe>\n\t\t<\/div>\n\t\t\t\t\t\t<\/div>\n\t\t\t\t\t<\/div>\n\t\t<\/div>\n\t\t\t\t\t<\/div>\n\t\t<\/section>\n\t\t\t\t<\/div>\n\t\t","protected":false},"excerpt":{"rendered":"<p>Quem somos A SAM Comunica\u00e7\u00e3o Visual \u00e9 especializada no desenvolvimento de solu\u00e7\u00f5es completas em comunica\u00e7\u00e3o visual, atendendo empresas que buscam destacar sua marca com qualidade e profissionalismo. Com mais de 30 anos de experi\u00eancia no mercado, constru\u00edmos uma trajet\u00f3ria s\u00f3lida baseada em confian\u00e7a, inova\u00e7\u00e3o e compromisso com resultados. Trabalhamos com projetos personalizados, sempre alinhados \u00e0s [&hellip;]<\/p>\n","protected":false},"author":1,"featured_media":0,"parent":0,"menu_order":0,"comment_status":"closed","ping_status":"closed","template":"elementor_header_footer","meta":{"footnotes":""},"class_list":["post-98","page","type-page","status-publish","hentry"],"_links":{"self":[{"href":"https:\/\/sheiksites.com\/samcomunicacao\/wp-json\/wp\/v2\/pages\/98","targetHints":{"allow":["GET"]}}],"collection":[{"href":"https:\/\/sheiksites.com\/samcomunicacao\/wp-json\/wp\/v2\/pages"}],"about":[{"href":"https:\/\/sheiksites.com\/samcomunicacao\/wp-json\/wp\/v2\/types\/page"}],"author":[{"embeddable":true,"href":"https:\/\/sheiksites.com\/samcomunicacao\/wp-json\/wp\/v2\/users\/1"}],"replies":[{"embeddable":true,"href":"https:\/\/sheiksites.com\/samcomunicacao\/wp-json\/wp\/v2\/comments?post=98"}],"version-history":[{"count":22,"href":"https:\/\/sheiksites.com\/samcomunicacao\/wp-json\/wp\/v2\/pages\/98\/revisions"}],"predecessor-version":[{"id":127,"href":"https:\/\/sheiksites.com\/samcomunicacao\/wp-json\/wp\/v2\/pages\/98\/revisions\/127"}],"wp:attachment":[{"href":"https:\/\/sheiksites.com\/samcomunicacao\/wp-json\/wp\/v2\/media?parent=98"}],"curies":[{"name":"wp","href":"https:\/\/api.w.org\/{rel}","templated":true}]}}